{"id":2840,"date":"2025-08-25T22:28:30","date_gmt":"2025-08-25T22:28:30","guid":{"rendered":"https:\/\/superbodegam.mx\/?post_type=product&#038;p=2840"},"modified":"2025-08-25T22:31:17","modified_gmt":"2025-08-25T22:31:17","slug":"cava-de-vinos-44-botellas-negra-haier","status":"publish","type":"product","link":"https:\/\/superbodegam.mx\/index.php\/product\/cava-de-vinos-44-botellas-negra-haier\/","title":{"rendered":"Cava de Vinos"},"content":{"rendered":"<p>Cava de Vinos 44 botellas Negra Haier &#8211; HWS42DZ0<\/p>\n","protected":false},"excerpt":{"rendered":"<p>Cava de vinos con Dual Zone, que permite conservar vinos tintos y blancos a la temperatura perfecta gracias a sus dos zonas de enfriamiento independientes. Capacidad para 44 botellas, con tres estantes de madera. Triple panel de cristal que mejora la estabilidad t\u00e9rmica y reduce la condensaci\u00f3n. Estantes deslizantes que facilitan la carga y descarga de botellas. Display t\u00e1ctil en puerta para un control preciso. Cuenta con Modo Sabbath, bloqueo de temperatura, alarma de puerta y luz LED.<\/p>\n","protected":false},"featured_media":2841,"comment_status":"open","ping_status":"closed","template":"","meta":[],"product_brand":[87],"product_cat":[78,69,71],"product_tag":[],"class_list":{"0":"post-2840","1":"product","2":"type-product","3":"status-publish","4":"has-post-thumbnail","6":"product_brand-haier","7":"product_cat-cava-de-vinos","8":"product_cat-haier","9":"product_cat-linea-blanca","11":"first","12":"instock","13":"shipping-taxable","14":"purchasable","15":"product-type-simple"},"_links":{"self":[{"href":"https:\/\/superbodegam.mx\/index.php\/wp-json\/wp\/v2\/product\/2840","targetHints":{"allow":["GET"]}}],"collection":[{"href":"https:\/\/superbodegam.mx\/index.php\/wp-json\/wp\/v2\/product"}],"about":[{"href":"https:\/\/superbodegam.mx\/index.php\/wp-json\/wp\/v2\/types\/product"}],"replies":[{"embeddable":true,"href":"https:\/\/superbodegam.mx\/index.php\/wp-json\/wp\/v2\/comments?post=2840"}],"wp:featuredmedia":[{"embeddable":true,"href":"https:\/\/superbodegam.mx\/index.php\/wp-json\/wp\/v2\/media\/2841"}],"wp:attachment":[{"href":"https:\/\/superbodegam.mx\/index.php\/wp-json\/wp\/v2\/media?parent=2840"}],"wp:term":[{"taxonomy":"product_brand","embeddable":true,"href":"https:\/\/superbodegam.mx\/index.php\/wp-json\/wp\/v2\/product_brand?post=2840"},{"taxonomy":"product_cat","embeddable":true,"href":"https:\/\/superbodegam.mx\/index.php\/wp-json\/wp\/v2\/product_cat?post=2840"},{"taxonomy":"product_tag","embeddable":true,"href":"https:\/\/superbodegam.mx\/index.php\/wp-json\/wp\/v2\/product_tag?post=2840"}],"curies":[{"name":"wp","href":"https:\/\/api.w.org\/{rel}","templated":true}]}}