{"id":3071,"date":"2025-09-10T22:09:39","date_gmt":"2025-09-10T22:09:39","guid":{"rendered":"https:\/\/superbodegam.mx\/?post_type=product&#038;p=3071"},"modified":"2025-09-10T22:22:00","modified_gmt":"2025-09-10T22:22:00","slug":"cafe-energy-star","status":"publish","type":"product","link":"https:\/\/superbodegam.mx\/index.php\/product\/cafe-energy-star\/","title":{"rendered":"CAF\u00c9\u2122 ENERGY STAR"},"content":{"rendered":"<p>CAF\u00c9\u2122 ENERGY STAR Smart Single Drawer Dishwasher<\/p>\n<div style=\"width: 640px;\" class=\"wp-video\"><video class=\"wp-video-shortcode\" id=\"video-3071-1\" width=\"640\" height=\"360\" poster=\"https:\/\/superbodegam.mx\/wp-content\/uploads\/2025\/09\/Captura-de-pantalla-2025-09-10-a-las-4.21.30-p.m.png\" preload=\"metadata\" controls=\"controls\"><source type=\"video\/mp4\" src=\"https:\/\/superbodegam.mx\/wp-content\/uploads\/2025\/09\/cafe\u0301-single-dishwasher-drawer.mp4?_=1\" \/><a href=\"https:\/\/superbodegam.mx\/wp-content\/uploads\/2025\/09\/cafe\u0301-single-dishwasher-drawer.mp4\">https:\/\/superbodegam.mx\/wp-content\/uploads\/2025\/09\/cafe\u0301-single-dishwasher-drawer.mp4<\/a><\/video><\/div>\n","protected":false},"excerpt":{"rendered":"<p>Personalice este elegante lavavajillas con cualquier combinaci\u00f3n de acabados premium y opciones de hardware para lograr una apariencia \u00fanica que combine con su estilo personal.<\/p>\n<p>Con un caj\u00f3n a cada lado del fregadero, este lavavajillas de un solo caj\u00f3n ofrece una hermosa est\u00e9tica y brinda a los propietarios la posibilidad de experimentar el atractivo de su dise\u00f1o ergon\u00f3mico con una funcionalidad moderna.<\/p>\n<p>Acomode f\u00e1cilmente 7 cubiertos y ollas de 13 pulgadas en este lavavajillas de gran capacidad que ofrece lugar para todo.<\/p>\n","protected":false},"featured_media":3073,"comment_status":"open","ping_status":"closed","template":"","meta":[],"product_brand":[85],"product_cat":[67,76],"product_tag":[],"class_list":{"0":"post-3071","1":"product","2":"type-product","3":"status-publish","4":"has-post-thumbnail","6":"product_brand-cafe","7":"product_cat-cafe","8":"product_cat-lavavajillas","10":"first","11":"instock","12":"shipping-taxable","13":"product-type-simple"},"_links":{"self":[{"href":"https:\/\/superbodegam.mx\/index.php\/wp-json\/wp\/v2\/product\/3071","targetHints":{"allow":["GET"]}}],"collection":[{"href":"https:\/\/superbodegam.mx\/index.php\/wp-json\/wp\/v2\/product"}],"about":[{"href":"https:\/\/superbodegam.mx\/index.php\/wp-json\/wp\/v2\/types\/product"}],"replies":[{"embeddable":true,"href":"https:\/\/superbodegam.mx\/index.php\/wp-json\/wp\/v2\/comments?post=3071"}],"wp:featuredmedia":[{"embeddable":true,"href":"https:\/\/superbodegam.mx\/index.php\/wp-json\/wp\/v2\/media\/3073"}],"wp:attachment":[{"href":"https:\/\/superbodegam.mx\/index.php\/wp-json\/wp\/v2\/media?parent=3071"}],"wp:term":[{"taxonomy":"product_brand","embeddable":true,"href":"https:\/\/superbodegam.mx\/index.php\/wp-json\/wp\/v2\/product_brand?post=3071"},{"taxonomy":"product_cat","embeddable":true,"href":"https:\/\/superbodegam.mx\/index.php\/wp-json\/wp\/v2\/product_cat?post=3071"},{"taxonomy":"product_tag","embeddable":true,"href":"https:\/\/superbodegam.mx\/index.php\/wp-json\/wp\/v2\/product_tag?post=3071"}],"curies":[{"name":"wp","href":"https:\/\/api.w.org\/{rel}","templated":true}]}}